{"id":8,"date":"2024-05-20T07:54:36","date_gmt":"2024-05-20T07:54:36","guid":{"rendered":"https:\/\/demosites.royal-elementor-addons.com\/graphic-nature-v1\/?page_id=7"},"modified":"2026-04-24T17:18:20","modified_gmt":"2026-04-24T17:18:20","slug":"home-graphic-nature-v1","status":"publish","type":"page","link":"https:\/\/descender.mx\/","title":{"rendered":"Descender"},"content":{"rendered":"\t\t<div data-elementor-type=\"wp-page\" data-elementor-id=\"8\" class=\"elementor elementor-8\">\n\t\t\t\t<div class=\"elementor-element elementor-element-3083d6f e-flex e-con-boxed wpr-jarallax-no wpr-parallax-no wpr-sticky-section-no e-con e-parent\" data-id=\"3083d6f\" data-element_type=\"container\" data-e-type=\"container\" data-settings=\"{&quot;background_background&quot;:&quot;classic&quot;}\">\n\t\t\t\t\t<div class=\"e-con-inner\">\n\t\t\t\t<div class=\"elementor-element elementor-element-297221e wpr-advanced-text-style-animated wpr-fancy-text-typing wpr-animated-text-infinite-yes elementor-invisible elementor-widget elementor-widget-wpr-advanced-text\" data-id=\"297221e\" data-element_type=\"widget\" data-e-type=\"widget\" data-settings=\"{&quot;_animation&quot;:&quot;zoomIn&quot;,&quot;anim_loop&quot;:&quot;yes&quot;}\" data-widget_type=\"wpr-advanced-text.default\">\n\t\t\t\t\t\n\t\t<h1 class=\"wpr-advanced-text\">\n\n\t\t\t\t\t\n\t\t\t\t\t\t\t<span class=\"wpr-advanced-text-preffix\">Escapa de la rutina<br><\/span>\n\t\t\t\n\t\t<span class=\"wpr-anim-text wpr-anim-text-type-typing wpr-anim-text-letters\" data-anim-duration=\"50,2000\" data-anim-loop=\"yes\">\n\t\t\t<span class=\"wpr-anim-text-inner\">\n\t\t\t\t\t\t\t\t\t<b>Con\u00e9ctate con la naturaleza<\/b>\n\t\t\t\t\t\t\t\t\t<b>Experimenta la aventura<\/b>\n\t\t\t\t\t\t\t\t\t<b>No necesitas experiencia<\/b>\n\t\t\t\t\t\t\t<\/span>\n\t\t\t<span class=\"wpr-anim-text-cursor\">|<\/span>\t\t<\/span>\n\n\t\t\t\t\n\t\t<\/h1>\n\t\t\n\t\t\t\t\t\t<\/div>\n\t\t\t\t<div class=\"elementor-element elementor-element-f0af0c0 wpr-button-icon-style-inline wpr-button-icon-position-right elementor-invisible elementor-widget elementor-widget-wpr-button\" data-id=\"f0af0c0\" data-element_type=\"widget\" data-e-type=\"widget\" data-settings=\"{&quot;_animation&quot;:&quot;zoomIn&quot;,&quot;_animation_delay&quot;:100}\" data-widget_type=\"wpr-button.default\">\n\t\t\t\t\t\t\n\t\t\t\n\t\t\n\t\t<div class=\"wpr-button-wrap elementor-clearfix\">\n\t\t<a class=\"wpr-button wpr-button-effect wpr-button-none\" data-text=\"\" href=\"https:\/\/wa.me\/c\/5213314611574\" target=\"_blank\">\n\t\t\t\n\t\t\t<span class=\"wpr-button-content\">\n\t\t\t\t\t\t\t\t\t<span class=\"wpr-button-text\">Catalogo de aventuras<\/span>\n\t\t\t\t\t\t\t\t\n\t\t\t\t\t\t\t<\/span>\n\t\t<\/a>\n\n\t\t\t\t<\/div>\n\t\n\t\n\t\t\t\t\t<\/div>\n\t\t\t\t\t<\/div>\n\t\t\t\t<\/div>\n\t\t<div class=\"elementor-element elementor-element-5144650 e-flex e-con-boxed wpr-particle-no wpr-jarallax-no wpr-parallax-no wpr-sticky-section-no e-con e-parent\" data-id=\"5144650\" data-element_type=\"container\" data-e-type=\"container\">\n\t\t\t\t\t<div class=\"e-con-inner\">\n\t\t\t\t<div class=\"elementor-element elementor-element-4dc876a elementor-widget elementor-widget-heading\" data-id=\"4dc876a\" data-element_type=\"widget\" data-e-type=\"widget\" data-widget_type=\"heading.default\">\n\t\t\t\t\t<h2 class=\"elementor-heading-title elementor-size-default\">CA\u00d1ONES DE TEMPORADA<\/h2>\t\t\t\t<\/div>\n\t\t\t\t\t<\/div>\n\t\t\t\t<\/div>\n\t\t<div class=\"elementor-element elementor-element-37d657e e-flex e-con-boxed wpr-particle-no wpr-jarallax-no wpr-parallax-no wpr-sticky-section-no e-con e-parent\" data-id=\"37d657e\" data-element_type=\"container\" data-e-type=\"container\">\n\t\t\t\t\t<div class=\"e-con-inner\">\n\t\t<div class=\"elementor-element elementor-element-e5b3b11 e-flex e-con-boxed wpr-particle-no wpr-jarallax-no wpr-parallax-no wpr-sticky-section-no elementor-invisible e-con e-child\" data-id=\"e5b3b11\" data-element_type=\"container\" data-e-type=\"container\" data-settings=\"{&quot;animation&quot;:&quot;slideInLeft&quot;}\">\n\t\t\t\t\t<div class=\"e-con-inner\">\n\t\t\t\t<div class=\"elementor-element elementor-element-71bb8a7 elementor-widget elementor-widget-image\" data-id=\"71bb8a7\" data-element_type=\"widget\" data-e-type=\"widget\" data-widget_type=\"image.default\">\n\t\t\t\t\t\t\t\t\t\t\t\t\t\t\t<img fetchpriority=\"high\" decoding=\"async\" width=\"800\" height=\"533\" src=\"https:\/\/descender.mx\/wp-content\/uploads\/2026\/01\/canon-de-comala.png\" class=\"attachment-large size-large wp-image-372\" alt=\"\" srcset=\"https:\/\/descender.mx\/wp-content\/uploads\/2026\/01\/canon-de-comala.png 800w, https:\/\/descender.mx\/wp-content\/uploads\/2026\/01\/canon-de-comala-300x200.png 300w, https:\/\/descender.mx\/wp-content\/uploads\/2026\/01\/canon-de-comala-768x512.png 768w\" sizes=\"(max-width: 800px) 100vw, 800px\" \/>\t\t\t\t\t\t\t\t\t\t\t\t\t\t\t<\/div>\n\t\t\t\t\t<\/div>\n\t\t\t\t<\/div>\n\t\t<div class=\"elementor-element elementor-element-9af76c6 e-flex e-con-boxed wpr-particle-no wpr-jarallax-no wpr-parallax-no wpr-sticky-section-no elementor-invisible e-con e-child\" data-id=\"9af76c6\" data-element_type=\"container\" data-e-type=\"container\" data-settings=\"{&quot;animation&quot;:&quot;slideInRight&quot;}\">\n\t\t\t\t\t<div class=\"e-con-inner\">\n\t\t\t\t<div class=\"elementor-element elementor-element-0a6b97f elementor-widget elementor-widget-heading\" data-id=\"0a6b97f\" data-element_type=\"widget\" data-e-type=\"widget\" data-widget_type=\"heading.default\">\n\t\t\t\t\t<h2 class=\"elementor-heading-title elementor-size-default\">Ca\u00f1\u00f3n de Comala<\/h2>\t\t\t\t<\/div>\n\t\t\t\t<div class=\"elementor-element elementor-element-164d751 elementor-widget elementor-widget-text-editor\" data-id=\"164d751\" data-element_type=\"widget\" data-e-type=\"widget\" data-widget_type=\"text-editor.default\">\n\t\t\t\t\t\t\t\t\t<p>Este barranco esta en el municipio de Chiquilistlan Jalisco tiene muchos saltos al agua de 2 a 14 metros opcionales , 3 toboganes naturales entre 3 y 12 metros y un gran rapel de mas de 17 metros sobre cascada este barranco es toda una aventura acu\u00e1tica en un r\u00edo con pozas color azul turquesa.<\/p><p>No necesitas experiencia!!! ca\u00f1on tipo A ideal para iniciar en el deporte ese d\u00eda te explicamos y te apoyamos en todo momento.<\/p><p>MAYO<br \/>\u25b6\ufe0f Sab 9 \u25b6\ufe0f Dom 10 \u25b6\ufe0f Mie 13 \u25b6\ufe0f Sab 23 \u25b6\ufe0f Dom 24<\/p><p>JUNIO<br \/>\u25b6\ufe0f Sab 6 \u25b6\ufe0f Dom 7 \u25b6\ufe0f Sab 20 \u25b6\ufe0f Dom 21<\/p>\t\t\t\t\t\t\t\t<\/div>\n\t\t\t\t<div class=\"elementor-element elementor-element-44f8244 elementor-widget elementor-widget-button\" data-id=\"44f8244\" data-element_type=\"widget\" data-e-type=\"widget\" data-widget_type=\"button.default\">\n\t\t\t\t\t\t\t\t\t\t<a class=\"elementor-button elementor-button-link elementor-size-sm\" href=\"https:\/\/wa.link\/2cyxy2\" target=\"_blank\">\n\t\t\t\t\t\t<span class=\"elementor-button-content-wrapper\">\n\t\t\t\t\t\t\t\t\t<span class=\"elementor-button-text\">Reserva ahora<\/span>\n\t\t\t\t\t<\/span>\n\t\t\t\t\t<\/a>\n\t\t\t\t\t\t\t\t<\/div>\n\t\t\t\t\t<\/div>\n\t\t\t\t<\/div>\n\t\t\t\t\t<\/div>\n\t\t\t\t<\/div>\n\t\t<div class=\"elementor-element elementor-element-8f50058 e-flex e-con-boxed wpr-particle-no wpr-jarallax-no wpr-parallax-no wpr-sticky-section-no e-con e-parent\" data-id=\"8f50058\" data-element_type=\"container\" data-e-type=\"container\">\n\t\t\t\t\t<div class=\"e-con-inner\">\n\t\t<div class=\"elementor-element elementor-element-fe69009 e-flex e-con-boxed wpr-particle-no wpr-jarallax-no wpr-parallax-no wpr-sticky-section-no elementor-invisible e-con e-child\" data-id=\"fe69009\" data-element_type=\"container\" data-e-type=\"container\" data-settings=\"{&quot;animation&quot;:&quot;slideInLeft&quot;}\">\n\t\t\t\t\t<div class=\"e-con-inner\">\n\t\t\t\t<div class=\"elementor-element elementor-element-2ca208b elementor-widget elementor-widget-image\" data-id=\"2ca208b\" data-element_type=\"widget\" data-e-type=\"widget\" data-widget_type=\"image.default\">\n\t\t\t\t\t\t\t\t\t\t\t\t\t\t\t<img decoding=\"async\" width=\"800\" height=\"533\" src=\"https:\/\/descender.mx\/wp-content\/uploads\/2026\/01\/CANON-DE-HUAXTLA-.webp\" class=\"attachment-large size-large wp-image-239\" alt=\"\" srcset=\"https:\/\/descender.mx\/wp-content\/uploads\/2026\/01\/CANON-DE-HUAXTLA-.webp 800w, https:\/\/descender.mx\/wp-content\/uploads\/2026\/01\/CANON-DE-HUAXTLA--300x200.webp 300w, https:\/\/descender.mx\/wp-content\/uploads\/2026\/01\/CANON-DE-HUAXTLA--768x512.webp 768w\" sizes=\"(max-width: 800px) 100vw, 800px\" \/>\t\t\t\t\t\t\t\t\t\t\t\t\t\t\t<\/div>\n\t\t\t\t\t<\/div>\n\t\t\t\t<\/div>\n\t\t<div class=\"elementor-element elementor-element-90c89e8 e-flex e-con-boxed wpr-particle-no wpr-jarallax-no wpr-parallax-no wpr-sticky-section-no elementor-invisible e-con e-child\" data-id=\"90c89e8\" data-element_type=\"container\" data-e-type=\"container\" data-settings=\"{&quot;animation&quot;:&quot;slideInRight&quot;}\">\n\t\t\t\t\t<div class=\"e-con-inner\">\n\t\t\t\t<div class=\"elementor-element elementor-element-edf7daa elementor-widget elementor-widget-heading\" data-id=\"edf7daa\" data-element_type=\"widget\" data-e-type=\"widget\" data-widget_type=\"heading.default\">\n\t\t\t\t\t<h2 class=\"elementor-heading-title elementor-size-default\">Ca\u00f1\u00f3n del Jaguar (Huaxtla)<\/h2>\t\t\t\t<\/div>\n\t\t\t\t<div class=\"elementor-element elementor-element-48c2cc6 elementor-widget elementor-widget-text-editor\" data-id=\"48c2cc6\" data-element_type=\"widget\" data-e-type=\"widget\" data-widget_type=\"text-editor.default\">\n\t\t\t\t\t\t\t\t\t<p>Este barranco esta en el municipio de Zapopan Jalisco tiene saltos al agua de 2 a 14 metros Opcionales, manantiales de agua caliente en algunas zonas y 3 grandes rapeles entre los 5 y 35 metros sobre cascadas este barranco es toda una aventura acu\u00e1tica y vertical en un r\u00edo con pozas color azul turquesa<\/p><p>MAYO<br \/>\u25b6\ufe0f Sab 2 \u25b6\ufe0f Dom 3 \u25b6\ufe0f Sab 16 \u25b6\ufe0f Dom 17 \u25b6\ufe0f Sab 30 \u25b6\ufe0f Dom 31<\/p><p>JUNIO<br \/>\u25b6\ufe0f Sab 13 \u25b6\ufe0f Dom 14<\/p>\t\t\t\t\t\t\t\t<\/div>\n\t\t\t\t<div class=\"elementor-element elementor-element-7b75a9b elementor-widget elementor-widget-button\" data-id=\"7b75a9b\" data-element_type=\"widget\" data-e-type=\"widget\" data-widget_type=\"button.default\">\n\t\t\t\t\t\t\t\t\t\t<a class=\"elementor-button elementor-button-link elementor-size-sm\" href=\"https:\/\/wa.link\/dzdr07\" target=\"_blank\">\n\t\t\t\t\t\t<span class=\"elementor-button-content-wrapper\">\n\t\t\t\t\t\t\t\t\t<span class=\"elementor-button-text\">Reserva ahora<\/span>\n\t\t\t\t\t<\/span>\n\t\t\t\t\t<\/a>\n\t\t\t\t\t\t\t\t<\/div>\n\t\t\t\t\t<\/div>\n\t\t\t\t<\/div>\n\t\t\t\t\t<\/div>\n\t\t\t\t<\/div>\n\t\t<div class=\"elementor-element elementor-element-95f1faa e-flex e-con-boxed wpr-particle-no wpr-jarallax-no wpr-parallax-no wpr-sticky-section-no e-con e-parent\" data-id=\"95f1faa\" data-element_type=\"container\" data-e-type=\"container\">\n\t\t\t\t\t<div class=\"e-con-inner\">\n\t\t\t\t<div class=\"elementor-element elementor-element-7a46ecd elementor-widget elementor-widget-heading\" data-id=\"7a46ecd\" data-element_type=\"widget\" data-e-type=\"widget\" data-widget_type=\"heading.default\">\n\t\t\t\t\t<h2 class=\"elementor-heading-title elementor-size-default\">Pr\u00f3ximas aventuras<\/h2>\t\t\t\t<\/div>\n\t\t\t\t\t<\/div>\n\t\t\t\t<\/div>\n\t\t<div class=\"elementor-element elementor-element-8e397cb e-grid e-con-boxed wpr-particle-no wpr-jarallax-no wpr-parallax-no wpr-sticky-section-no e-con e-parent\" data-id=\"8e397cb\" data-element_type=\"container\" data-e-type=\"container\">\n\t\t\t\t\t<div class=\"e-con-inner\">\n\t\t\t\t<div class=\"elementor-element elementor-element-7466ea9 elementor-position-top elementor-invisible elementor-widget elementor-widget-image-box\" data-id=\"7466ea9\" data-element_type=\"widget\" data-e-type=\"widget\" data-settings=\"{&quot;_animation&quot;:&quot;zoomIn&quot;}\" data-widget_type=\"image-box.default\">\n\t\t\t\t\t<div class=\"elementor-image-box-wrapper\"><figure class=\"elementor-image-box-img\"><img decoding=\"async\" width=\"729\" height=\"928\" src=\"https:\/\/descender.mx\/wp-content\/uploads\/2026\/01\/canon-de-tequila.webp\" class=\"attachment-full size-full wp-image-259\" alt=\"\" srcset=\"https:\/\/descender.mx\/wp-content\/uploads\/2026\/01\/canon-de-tequila.webp 729w, https:\/\/descender.mx\/wp-content\/uploads\/2026\/01\/canon-de-tequila-236x300.webp 236w\" sizes=\"(max-width: 729px) 100vw, 729px\" \/><\/figure><div class=\"elementor-image-box-content\"><h3 class=\"elementor-image-box-title\">Ca\u00f1\u00f3n los Azules en Tequila<\/h3><p class=\"elementor-image-box-description\">Ca\u00f1\u00f3n con grandes rapeles el 1ro volado en seco para aprender y los otros en caudal sobre cascada.\n\nEste barranco esta a una hora de Guadalajara en el municipio de Tequila, tiene 3 rapeles que van desde los 6 a los 55 metros sobre cascadas.<\/p><\/div><\/div>\t\t\t\t<\/div>\n\t\t\t\t<div class=\"elementor-element elementor-element-c824b78 elementor-position-top elementor-invisible elementor-widget elementor-widget-image-box\" data-id=\"c824b78\" data-element_type=\"widget\" data-e-type=\"widget\" data-settings=\"{&quot;_animation&quot;:&quot;zoomIn&quot;,&quot;_animation_delay&quot;:100}\" data-widget_type=\"image-box.default\">\n\t\t\t\t\t<div class=\"elementor-image-box-wrapper\"><figure class=\"elementor-image-box-img\"><img loading=\"lazy\" decoding=\"async\" width=\"729\" height=\"928\" src=\"https:\/\/descender.mx\/wp-content\/uploads\/2026\/01\/curso-de-canonismo-2.jpg\" class=\"attachment-full size-full wp-image-359\" alt=\"\" srcset=\"https:\/\/descender.mx\/wp-content\/uploads\/2026\/01\/curso-de-canonismo-2.jpg 729w, https:\/\/descender.mx\/wp-content\/uploads\/2026\/01\/curso-de-canonismo-2-236x300.jpg 236w\" sizes=\"(max-width: 729px) 100vw, 729px\" \/><\/figure><div class=\"elementor-image-box-content\"><h3 class=\"elementor-image-box-title\">Rapeles A\u00e9reos \"Campamento\"<\/h3><p class=\"elementor-image-box-description\">Curso\/Taller Rapel a\u00e9reo \u2026 qui\u00e9n no ha so\u00f1ado con viajar en helic\u00f3ptero pero si a esto le sumas tambi\u00e9n el descender de rapel desde la aeronave.<\/p><\/div><\/div>\t\t\t\t<\/div>\n\t\t\t\t<div class=\"elementor-element elementor-element-438bb44 elementor-position-top elementor-invisible elementor-widget elementor-widget-image-box\" data-id=\"438bb44\" data-element_type=\"widget\" data-e-type=\"widget\" data-settings=\"{&quot;_animation&quot;:&quot;zoomIn&quot;,&quot;_animation_delay&quot;:200}\" data-widget_type=\"image-box.default\">\n\t\t\t\t\t<div class=\"elementor-image-box-wrapper\"><figure class=\"elementor-image-box-img\"><img loading=\"lazy\" decoding=\"async\" width=\"729\" height=\"928\" src=\"https:\/\/descender.mx\/wp-content\/uploads\/2026\/01\/rafting-en-nayarit.webp\" class=\"attachment-full size-full wp-image-261\" alt=\"\" srcset=\"https:\/\/descender.mx\/wp-content\/uploads\/2026\/01\/rafting-en-nayarit.webp 729w, https:\/\/descender.mx\/wp-content\/uploads\/2026\/01\/rafting-en-nayarit-236x300.webp 236w\" sizes=\"(max-width: 729px) 100vw, 729px\" \/><\/figure><div class=\"elementor-image-box-content\"><h3 class=\"elementor-image-box-title\">R\u00e1pidos en Nayarit<\/h3><p class=\"elementor-image-box-description\">Disfruta de este recorrido de 14 kilometros en 4 horas de aventura por la serpenteante secci\u00f3n media del r\u00edo, en donde en compa\u00f1\u00eda de nuestros gu\u00edas disfrutaras de un d\u00eda lleno de aventura y emoci\u00f3n a bordo de nuestra balsa (Raft) desafiaremos las emocionantes secciones de r\u00e1pidos durante nuestro descenso.<\/p><\/div><\/div>\t\t\t\t<\/div>\n\t\t\t\t\t<\/div>\n\t\t\t\t<\/div>\n\t\t\t\t<\/div>\n\t\t","protected":false},"excerpt":{"rendered":"<p>Escapa de la rutina Con\u00e9ctate con la naturaleza Experimenta la aventura No necesitas experiencia | Catalogo de aventuras CA\u00d1ONES DE TEMPORADA Ca\u00f1\u00f3n de Comala Este barranco esta en el municipio de Chiquilistlan Jalisco tiene muchos saltos al agua de 2 a 14 metros opcionales , 3 toboganes naturales entre 3 y 12 metros y un gran rapel de mas de 17 metros sobre cascada este barranco es toda una aventura acu\u00e1tica en un r\u00edo con pozas color azul turquesa. No necesitas experiencia!!! ca\u00f1on tipo A ideal para iniciar en el deporte ese d\u00eda te explicamos y te apoyamos en todo momento. MAYO\u25b6\ufe0f Sab 9 \u25b6\ufe0f Dom 10 \u25b6\ufe0f Mie 13 \u25b6\ufe0f Sab 23 \u25b6\ufe0f Dom 24 JUNIO\u25b6\ufe0f Sab 6 \u25b6\ufe0f Dom 7 \u25b6\ufe0f Sab 20 \u25b6\ufe0f Dom 21 Reserva ahora Ca\u00f1\u00f3n del Jaguar (Huaxtla) Este barranco esta en el municipio de Zapopan Jalisco tiene saltos al agua de 2 a 14 metros Opcionales, manantiales de agua caliente en algunas zonas y 3 grandes rapeles entre los 5 y 35 metros sobre cascadas este barranco es toda una aventura acu\u00e1tica y vertical en un r\u00edo con pozas color azul turquesa MAYO\u25b6\ufe0f Sab 2 \u25b6\ufe0f Dom 3 \u25b6\ufe0f Sab 16 \u25b6\ufe0f Dom 17 \u25b6\ufe0f Sab 30 \u25b6\ufe0f Dom 31 JUNIO\u25b6\ufe0f Sab 13 \u25b6\ufe0f Dom 14 Reserva ahora Pr\u00f3ximas aventuras Ca\u00f1\u00f3n los Azules en Tequila Ca\u00f1\u00f3n con grandes rapeles el 1ro volado en seco para aprender y los otros en caudal sobre cascada. Este barranco esta a una hora de Guadalajara en el municipio de Tequila, tiene 3 rapeles que van desde los 6 a los 55 metros sobre cascadas. Rapeles A\u00e9reos \u00abCampamento\u00bb Curso\/Taller Rapel a\u00e9reo \u2026 qui\u00e9n no ha so\u00f1ado con viajar en helic\u00f3ptero pero si a esto le sumas tambi\u00e9n el descender de rapel desde la aeronave. R\u00e1pidos en Nayarit Disfruta de este recorrido de 14 kilometros en 4 horas de aventura por la serpenteante secci\u00f3n media del r\u00edo, en donde en compa\u00f1\u00eda de nuestros gu\u00edas disfrutaras de un d\u00eda lleno de aventura y emoci\u00f3n a bordo de nuestra balsa (Raft) desafiaremos las emocionantes secciones de r\u00e1pidos durante nuestro descenso.<\/p>\n","protected":false},"author":1,"featured_media":0,"parent":0,"menu_order":0,"comment_status":"closed","ping_status":"closed","template":"elementor_canvas","meta":{"footnotes":""},"class_list":["post-8","page","type-page","status-publish","hentry"],"_links":{"self":[{"href":"https:\/\/descender.mx\/index.php\/wp-json\/wp\/v2\/pages\/8","targetHints":{"allow":["GET"]}}],"collection":[{"href":"https:\/\/descender.mx\/index.php\/wp-json\/wp\/v2\/pages"}],"about":[{"href":"https:\/\/descender.mx\/index.php\/wp-json\/wp\/v2\/types\/page"}],"author":[{"embeddable":true,"href":"https:\/\/descender.mx\/index.php\/wp-json\/wp\/v2\/users\/1"}],"replies":[{"embeddable":true,"href":"https:\/\/descender.mx\/index.php\/wp-json\/wp\/v2\/comments?post=8"}],"version-history":[{"count":55,"href":"https:\/\/descender.mx\/index.php\/wp-json\/wp\/v2\/pages\/8\/revisions"}],"predecessor-version":[{"id":386,"href":"https:\/\/descender.mx\/index.php\/wp-json\/wp\/v2\/pages\/8\/revisions\/386"}],"wp:attachment":[{"href":"https:\/\/descender.mx\/index.php\/wp-json\/wp\/v2\/media?parent=8"}],"curies":[{"name":"wp","href":"https:\/\/api.w.org\/{rel}","templated":true}]}}